{"id":842,"date":"2025-09-30T16:39:42","date_gmt":"2025-09-30T16:39:42","guid":{"rendered":"https:\/\/cloud360corp.azurewebsites.net\/?page_id=842"},"modified":"2025-10-01T15:06:05","modified_gmt":"2025-10-01T15:06:05","slug":"blog","status":"publish","type":"page","link":"https:\/\/cloud360.com.ec\/en\/blog\/","title":{"rendered":"Blog"},"content":{"rendered":"<div data-elementor-type=\"wp-page\" data-elementor-id=\"842\" class=\"elementor elementor-842\">\n\t\t\t\t<div class=\"elementor-element elementor-element-14448cb5 e-flex e-con-boxed e-con e-parent\" data-id=\"14448cb5\" data-element_type=\"container\" data-e-type=\"container\" data-settings=\"{&quot;background_background&quot;:&quot;classic&quot;}\">\n\t\t\t\t\t<div class=\"e-con-inner\">\n\t\t<div class=\"elementor-element elementor-element-734ccf4f e-con-full e-flex e-con e-child\" data-id=\"734ccf4f\" data-element_type=\"container\" data-e-type=\"container\">\n\t\t\t\t<div class=\"elementor-element elementor-element-72b0d42b elementor-widget elementor-widget-image\" data-id=\"72b0d42b\" data-element_type=\"widget\" data-e-type=\"widget\" data-widget_type=\"image.default\">\n\t\t\t\t<div class=\"elementor-widget-container\">\n\t\t\t\t\t\t\t\t\t\t\t\t\t\t\t<img fetchpriority=\"high\" decoding=\"async\" width=\"800\" height=\"534\" src=\"\/wp-content\/uploads\/2025\/02\/ChatGPT-Image-22-sept-2025-13_29_10-1024x683.png\" class=\"attachment-large size-large wp-image-661\" alt=\"\" srcset=\"\/wp-content\/uploads\/2025\/02\/ChatGPT-Image-22-sept-2025-13_29_10-1024x683.png 1024w, \/wp-content\/uploads\/2025\/02\/ChatGPT-Image-22-sept-2025-13_29_10-300x200.png 300w, \/wp-content\/uploads\/2025\/02\/ChatGPT-Image-22-sept-2025-13_29_10-768x512.png 768w, \/wp-content\/uploads\/2025\/02\/ChatGPT-Image-22-sept-2025-13_29_10-18x12.png 18w, \/wp-content\/uploads\/2025\/02\/ChatGPT-Image-22-sept-2025-13_29_10.png 1536w\" sizes=\"(max-width: 800px) 100vw, 800px\" \/>\t\t\t\t\t\t\t\t\t\t\t\t\t\t\t<\/div>\n\t\t\t\t<\/div>\n\t\t\t\t<\/div>\n\t\t<div class=\"elementor-element elementor-element-464eaba6 e-con-full e-flex e-con e-child\" data-id=\"464eaba6\" data-element_type=\"container\" data-e-type=\"container\">\n\t\t\t\t<div class=\"elementor-element elementor-element-2a4d16d8 elementor-widget elementor-widget-text-editor\" data-id=\"2a4d16d8\" data-element_type=\"widget\" data-e-type=\"widget\" data-widget_type=\"text-editor.default\">\n\t\t\t\t<div class=\"elementor-widget-container\">\n\t\t\t\t\t\t\t\t\t<p>Microsoft Teams<\/p>\t\t\t\t\t\t\t\t<\/div>\n\t\t\t\t<\/div>\n\t\t\t\t<div class=\"elementor-element elementor-element-3f6eba7d elementor-widget elementor-widget-heading\" data-id=\"3f6eba7d\" data-element_type=\"widget\" data-e-type=\"widget\" data-widget_type=\"heading.default\">\n\t\t\t\t<div class=\"elementor-widget-container\">\n\t\t\t\t\t<h2 class=\"elementor-heading-title elementor-size-default\">Microsoft Teams + AI: What managers need to know to lead the new era of enterprise collaboration<\/h2>\t\t\t\t<\/div>\n\t\t\t\t<\/div>\n\t\t\t\t<div class=\"elementor-element elementor-element-7ccb77fe elementor-widget elementor-widget-text-editor\" data-id=\"7ccb77fe\" data-element_type=\"widget\" data-e-type=\"widget\" data-widget_type=\"text-editor.default\">\n\t\t\t\t<div class=\"elementor-widget-container\">\n\t\t\t\t\t\t\t\t\t<p>Hybrid meetings, overloaded communication flows, thousands of messages to address, and a growing sense that digital collaboration consumes us more than it frees us.<\/p><div id=\"gtx-trans\" style=\"position: absolute; left: -13px; top: -9px;\"><div class=\"gtx-trans-icon\">\u00a0<\/div><\/div>\t\t\t\t\t\t\t\t<\/div>\n\t\t\t\t<\/div>\n\t\t\t\t<div class=\"elementor-element elementor-element-32ba95c elementor-widget elementor-widget-button\" data-id=\"32ba95c\" data-element_type=\"widget\" data-e-type=\"widget\" data-widget_type=\"button.default\">\n\t\t\t\t<div class=\"elementor-widget-container\">\n\t\t\t\t\t\t\t\t\t<div class=\"elementor-button-wrapper\">\n\t\t\t\t\t<a class=\"elementor-button elementor-button-link elementor-size-sm\" href=\"#\">\n\t\t\t\t\t\t<span class=\"elementor-button-content-wrapper\">\n\t\t\t\t\t\t\t\t\t<span class=\"elementor-button-text\">Leer M\u00e1s<\/span>\n\t\t\t\t\t<\/span>\n\t\t\t\t\t<\/a>\n\t\t\t\t<\/div>\n\t\t\t\t\t\t\t\t<\/div>\n\t\t\t\t<\/div>\n\t\t\t\t<\/div>\n\t\t\t\t\t<\/div>\n\t\t\t\t<\/div>\n\t\t\t\t<section class=\"elementor-section elementor-top-section elementor-element elementor-element-337ac9790 elementor-section-boxed elementor-section-height-default elementor-section-height-default\" data-id=\"337ac9790\" data-element_type=\"section\" data-e-type=\"section\" data-settings=\"{&quot;background_background&quot;:&quot;classic&quot;}\">\n\t\t\t\t\t\t<div class=\"elementor-container elementor-column-gap-default\">\n\t\t\t\t\t<div class=\"elementor-column elementor-col-100 elementor-top-column elementor-element elementor-element-527be01e\" data-id=\"527be01e\" data-element_type=\"column\" data-e-type=\"column\">\n\t\t\t<div class=\"elementor-widget-wrap\">\n\t\t\t\t\t\t\t<\/div>\n\t\t<\/div>\n\t\t\t\t\t<\/div>\n\t\t<\/section>\n\t\t<div class=\"elementor-element elementor-element-2f28b521 e-flex e-con-boxed e-con e-parent\" data-id=\"2f28b521\" data-element_type=\"container\" data-e-type=\"container\" data-settings=\"{&quot;background_background&quot;:&quot;gradient&quot;}\">\n\t\t\t\t\t<div class=\"e-con-inner\">\n\t\t<div class=\"elementor-element elementor-element-1f3398ce e-grid e-con-full e-con e-child\" data-id=\"1f3398ce\" data-element_type=\"container\" data-e-type=\"container\">\n\t\t<div class=\"elementor-element elementor-element-6642a59f e-con-full e-flex e-con e-child\" data-id=\"6642a59f\" data-element_type=\"container\" data-e-type=\"container\">\n\t\t\t\t<div class=\"elementor-element elementor-element-1eab782d elementor-widget elementor-widget-heading\" data-id=\"1eab782d\" data-element_type=\"widget\" data-e-type=\"widget\" data-widget_type=\"heading.default\">\n\t\t\t\t<div class=\"elementor-widget-container\">\n\t\t\t\t\t<h2 class=\"elementor-heading-title elementor-size-default\">Cloud360<\/h2>\t\t\t\t<\/div>\n\t\t\t\t<\/div>\n\t\t\t\t<div class=\"elementor-element elementor-element-1e2a3e0d elementor-widget elementor-widget-text-editor\" data-id=\"1e2a3e0d\" data-element_type=\"widget\" data-e-type=\"widget\" data-widget_type=\"text-editor.default\">\n\t\t\t\t<div class=\"elementor-widget-container\">\n\t\t\t\t\t\t\t\t\t<p>We help businesses innovate and grow with cutting-edge technology.<\/p>\t\t\t\t\t\t\t\t<\/div>\n\t\t\t\t<\/div>\n\t\t<div class=\"elementor-element elementor-element-454d0f72 e-grid e-con-full e-con e-child\" data-id=\"454d0f72\" data-element_type=\"container\" data-e-type=\"container\">\n\t\t\t\t<div class=\"elementor-element elementor-element-784b8f96 elementor-widget elementor-widget-image\" data-id=\"784b8f96\" data-element_type=\"widget\" data-e-type=\"widget\" data-widget_type=\"image.default\">\n\t\t\t\t<div class=\"elementor-widget-container\">\n\t\t\t\t\t\t\t\t\t\t\t\t\t\t\t\t<a href=\"https:\/\/www.facebook.com\/Cloud360ec\">\n\t\t\t\t\t\t\t<img decoding=\"async\" width=\"48\" height=\"48\" src=\"\/wp-content\/uploads\/2025\/02\/Icon.png\" class=\"attachment-large size-large wp-image-74\" alt=\"\" \/>\t\t\t\t\t\t\t\t<\/a>\n\t\t\t\t\t\t\t\t\t\t\t\t\t\t\t<\/div>\n\t\t\t\t<\/div>\n\t\t\t\t<div class=\"elementor-element elementor-element-255fec4 elementor-widget elementor-widget-image\" data-id=\"255fec4\" data-element_type=\"widget\" data-e-type=\"widget\" data-widget_type=\"image.default\">\n\t\t\t\t<div class=\"elementor-widget-container\">\n\t\t\t\t\t\t\t\t\t\t\t\t\t\t\t\t<a href=\"https:\/\/www.linkedin.com\/company\/cloud360-us\/\">\n\t\t\t\t\t\t\t<img decoding=\"async\" width=\"48\" height=\"48\" src=\"\/wp-content\/uploads\/2025\/02\/Icon-1.png\" class=\"attachment-large size-large wp-image-73\" alt=\"\" \/>\t\t\t\t\t\t\t\t<\/a>\n\t\t\t\t\t\t\t\t\t\t\t\t\t\t\t<\/div>\n\t\t\t\t<\/div>\n\t\t\t\t<div class=\"elementor-element elementor-element-76ab0b5 elementor-widget elementor-widget-image\" data-id=\"76ab0b5\" data-element_type=\"widget\" data-e-type=\"widget\" data-widget_type=\"image.default\">\n\t\t\t\t<div class=\"elementor-widget-container\">\n\t\t\t\t\t\t\t\t\t\t\t\t\t\t\t<img loading=\"lazy\" decoding=\"async\" width=\"48\" height=\"48\" src=\"\/wp-content\/uploads\/2025\/02\/Icon-2.png\" class=\"attachment-large size-large wp-image-75\" alt=\"\" \/>\t\t\t\t\t\t\t\t\t\t\t\t\t\t\t<\/div>\n\t\t\t\t<\/div>\n\t\t\t\t<\/div>\n\t\t\t\t<\/div>\n\t\t\t\t<div class=\"elementor-element elementor-element-363446ec elementor-widget elementor-widget-text-editor\" data-id=\"363446ec\" data-element_type=\"widget\" data-e-type=\"widget\" data-widget_type=\"text-editor.default\">\n\t\t\t\t<div class=\"elementor-widget-container\">\n\t\t\t\t\t\t\t\t\t<p>8350 Northwest 52nd Terrace, Doral, Florida 33166, United States<\/p><p>Av. R\u00edo Amazonas N42-40 y, Quito 170501<\/p>\t\t\t\t\t\t\t\t<\/div>\n\t\t\t\t<\/div>\n\t\t\t\t<\/div>\n\t\t\t\t\t<\/div>\n\t\t\t\t<\/div>\n\t\t<div class=\"elementor-element elementor-element-5cb6b74a e-flex e-con-boxed e-con e-parent\" data-id=\"5cb6b74a\" data-element_type=\"container\" data-e-type=\"container\" data-settings=\"{&quot;background_background&quot;:&quot;gradient&quot;}\">\n\t\t\t\t\t<div class=\"e-con-inner\">\n\t\t\t\t<div class=\"elementor-element elementor-element-4a10d876 elementor-widget elementor-widget-text-editor\" data-id=\"4a10d876\" data-element_type=\"widget\" data-e-type=\"widget\" data-widget_type=\"text-editor.default\">\n\t\t\t\t<div class=\"elementor-widget-container\">\n\t\t\t\t\t\t\t\t\t<p>Cloud360 &amp; Cloud360 Internacional Corp\u00a0<\/p>\t\t\t\t\t\t\t\t<\/div>\n\t\t\t\t<\/div>\n\t\t\t\t\t<\/div>\n\t\t\t\t<\/div>\n\t\t\t\t<\/div>","protected":false},"excerpt":{"rendered":"<p>Microsoft Teams Microsoft Teams + IA: lo que los gerentes deben saber para liderar la nueva era de colaboraci\u00f3n empresarial Reuniones h\u00edbridas, flujos de comunicaci\u00f3n desbordados, miles de mensajes por atender y la creciente sensaci\u00f3n de que la colaboraci\u00f3n digital nos consume m\u00e1s de lo que nos libera. \u00a0 Leer M\u00e1s All Agentes de IA [&hellip;]<\/p>\n","protected":false},"author":1,"featured_media":0,"parent":0,"menu_order":0,"comment_status":"closed","ping_status":"closed","template":"","meta":{"footnotes":""},"class_list":["post-842","page","type-page","status-publish","hentry"],"_links":{"self":[{"href":"https:\/\/cloud360.com.ec\/en\/wp-json\/wp\/v2\/pages\/842","targetHints":{"allow":["GET"]}}],"collection":[{"href":"https:\/\/cloud360.com.ec\/en\/wp-json\/wp\/v2\/pages"}],"about":[{"href":"https:\/\/cloud360.com.ec\/en\/wp-json\/wp\/v2\/types\/page"}],"author":[{"embeddable":true,"href":"https:\/\/cloud360.com.ec\/en\/wp-json\/wp\/v2\/users\/1"}],"replies":[{"embeddable":true,"href":"https:\/\/cloud360.com.ec\/en\/wp-json\/wp\/v2\/comments?post=842"}],"version-history":[{"count":13,"href":"https:\/\/cloud360.com.ec\/en\/wp-json\/wp\/v2\/pages\/842\/revisions"}],"predecessor-version":[{"id":858,"href":"https:\/\/cloud360.com.ec\/en\/wp-json\/wp\/v2\/pages\/842\/revisions\/858"}],"wp:attachment":[{"href":"https:\/\/cloud360.com.ec\/en\/wp-json\/wp\/v2\/media?parent=842"}],"curies":[{"name":"wp","href":"https:\/\/api.w.org\/{rel}","templated":true}]}}